{"id":1974,"date":"2022-06-14T18:07:37","date_gmt":"2022-06-14T16:07:37","guid":{"rendered":"https:\/\/ingber.co.il\/?post_type=product&#038;p=1974"},"modified":"2024-07-01T18:40:24","modified_gmt":"2024-07-01T15:40:24","slug":"pals-3-months","status":"publish","type":"product","link":"https:\/\/ingber.co.il\/en\/product\/pals-3-months\/","title":{"rendered":"\u05e7\u05d5\u05e8\u05e1 PALS &#8211; \u05d4\u05d5\u05e8\u05d5\u05ea, \u05de\u05e0\u05d4\u05d9\u05d2\u05d5\u05ea, \u05d7\u05d1\u05e8\u05d5\u05ea &#8211; \u05d2\u05d9\u05e9\u05d4 \u05dc\u05db\u05dc \u05d4\u05d7\u05d9\u05d9\u05dd"},"content":{"rendered":"<p>\u05d0\u05dd \u05d0\u05ea\u05dd \u05d4\u05d5\u05e8\u05d9\u05dd \u05dc\u05d9\u05dc\u05d3\u05d9\u05dd \u05e7\u05d8\u05e0\u05d9\u05dd \u05e9\u05de\u05ea\u05de\u05d5\u05d3\u05d3\u05d9\u05dd \u05e2\u05dd \u05ea\u05d5\u05e4\u05e2\u05d5\u05ea \u05e9\u05dc \u05d4\u05ea\u05e7\u05e4\u05d9 \u05d6\u05e2\u05dd \u05d0\u05e6\u05dc \u05d9\u05dc\u05d3\u05db\u05dd, \u05d0\u05dd \u05d4\u05d9\u05dc\u05d3\u05d9\u05dd \u05e9\u05dc\u05db\u05dd \u05db\u05dc \u05d4\u05d6\u05de\u05df \u05e8\u05d1\u05d9\u05dd \u05d1\u05d9\u05e0\u05d4\u05dd, \u05de\u05e7\u05dc\u05dc\u05d9\u05dd, \u05d9\u05d5\u05e8\u05e7\u05d9\u05dd, \u05de\u05e8\u05d1\u05d9\u05e6\u05d9\u05dd \u05d5\u05d6\u05d5\u05e8\u05e7\u05d9\u05dd \u05d7\u05e4\u05e6\u05d9\u05dd, \u05db\u05e0\u05e8\u05d0\u05d4 \u05e9\u05d0\u05d9\u05d1\u05ea\u05dd \u05d0\u05ea \u05d4\u05e1\u05de\u05db\u05d5\u05ea \u05d4\u05d4\u05d5\u05e8\u05d9\u05ea \u05e9\u05dc\u05db\u05dd. \u05d4\u05d4\u05e7\u05d5\u05e8\u05e1 \u05d4\u05d6\u05d4 \u05ea\u05e2\u05d6\u05d5\u05e8 \u05dc\u05db\u05dd \u05dc\u05d4\u05d7\u05d6\u05d9\u05e8 \u05d0\u05ea \u05d4\u05e9\u05dc\u05d9\u05d8\u05d4 \u05dc\u05d9\u05d3\u05d9\u05d9\u05dd \u05d5\u05dc\u05d9\u05d4\u05e0\u05d5\u05ea \u05de\u05e9\u05e7\u05d8, \u05e9\u05dc\u05d5\u05dd \u05d5\u05e9\u05dc\u05dc\u05d5\u05d4 \u05d1\u05d1\u05d9\u05ea.<\/p>","protected":false},"excerpt":{"rendered":"<p>\u05d0\u05dd \u05d0\u05ea\u05dd \u05d4\u05d5\u05e8\u05d9\u05dd \u05dc\u05d9\u05dc\u05d3\u05d9\u05dd \u05e7\u05d8\u05e0\u05d9\u05dd \u05e9\u05de\u05ea\u05de\u05d5\u05d3\u05d3\u05d9\u05dd \u05e2\u05dd \u05ea\u05d5\u05e4\u05e2\u05d5\u05ea \u05e9\u05dc \u05d4\u05ea\u05e7\u05e4\u05d9 \u05d6\u05e2\u05dd \u05d0\u05e6\u05dc \u05d9\u05dc\u05d3\u05db\u05dd, \u05d0\u05dd \u05d4\u05d9\u05dc\u05d3\u05d9\u05dd \u05e9\u05dc\u05db\u05dd \u05db\u05dc \u05d4\u05d6\u05de\u05df \u05e8\u05d1\u05d9\u05dd \u05d1\u05d9\u05e0\u05d4\u05dd, \u05de\u05e7\u05dc\u05dc\u05d9\u05dd, \u05d9\u05d5\u05e8\u05e7\u05d9\u05dd, \u05de\u05e8\u05d1\u05d9\u05e6\u05d9\u05dd \u05d5\u05d6\u05d5\u05e8\u05e7\u05d9\u05dd \u05d7\u05e4\u05e6\u05d9\u05dd, \u05db\u05e0\u05e8\u05d0\u05d4 \u05e9\u05d0\u05d9\u05d1\u05ea\u05dd \u05d0\u05ea \u05d4\u05e1\u05de\u05db\u05d5\u05ea \u05d4\u05d4\u05d5\u05e8\u05d9\u05ea \u05e9\u05dc\u05db\u05dd. \u05d4\u05d4\u05e7\u05d5\u05e8\u05e1 \u05d4\u05d6\u05d4 \u05ea\u05e2\u05d6\u05d5\u05e8 \u05dc\u05db\u05dd \u05dc\u05d4\u05d7\u05d6\u05d9\u05e8 \u05d0\u05ea \u05d4\u05e9\u05dc\u05d9\u05d8\u05d4 \u05dc\u05d9\u05d3\u05d9\u05d9\u05dd \u05d5\u05dc\u05d9\u05d4\u05e0\u05d5\u05ea \u05de\u05e9\u05e7\u05d8, \u05e9\u05dc\u05d5\u05dd \u05d5\u05e9\u05dc\u05dc\u05d5\u05d4 \u05d1\u05d1\u05d9\u05ea.<\/p>","protected":false},"featured_media":3601,"comment_status":"open","ping_status":"closed","template":"","meta":{"_acf_changed":false},"product_brand":[],"product_cat":[42],"product_tag":[],"class_list":{"0":"post-1974","1":"product","2":"type-product","3":"status-publish","4":"has-post-thumbnail","6":"product_cat-42","8":"first","9":"instock","10":"virtual","11":"sold-individually","12":"purchasable","13":"product-type-simple"},"acf":[],"yoast_head":"<!-- This site is optimized with the Yoast SEO plugin v26.8 - https:\/\/yoast.com\/product\/yoast-seo-wordpress\/ -->\n<title>\u05e7\u05d5\u05e8\u05e1 PALS - \u05d4\u05d5\u05e8\u05d5\u05ea, \u05de\u05e0\u05d4\u05d9\u05d2\u05d5\u05ea, \u05d7\u05d1\u05e8\u05d5\u05ea - \u05d2\u05d9\u05e9\u05d4 \u05dc\u05db\u05dc \u05d4\u05d7\u05d9\u05d9\u05dd - \u05de\u05e0\u05d7\u05dd \u05d0\u05d9\u05e0\u05d2\u05d1\u05e8<\/title>\n<meta name=\"description\" content=\"\u05d0\u05dd \u05d0\u05ea\u05dd \u05d4\u05d5\u05e8\u05d9\u05dd \u05dc\u05d9\u05dc\u05d3\u05d9\u05dd \u05e7\u05d8\u05e0\u05d9\u05dd \u05e9\u05de\u05ea\u05de\u05d5\u05d3\u05d3\u05d9\u05dd \u05e2\u05dd \u05ea\u05d5\u05e4\u05e2\u05d5\u05ea \u05e9\u05dc \u05d4\u05ea\u05e7\u05e4\u05d9 \u05d6\u05e2\u05dd \u05d0\u05e6\u05dc \u05d9\u05dc\u05d3\u05db\u05dd, \u05d0\u05dd \u05d4\u05d9\u05dc\u05d3\u05d9\u05dd \u05e9\u05dc\u05db\u05dd \u05db\u05dc \u05d4\u05d6\u05de\u05df \u05e8\u05d1\u05d9\u05dd \u05d1\u05d9\u05e0\u05d4\u05dd, \u05de\u05e7\u05dc\u05dc\u05d9\u05dd, \u05d9\u05d5\u05e8\u05e7\u05d9\u05dd, \u05de\u05e8\u05d1\u05d9\u05e6\u05d9\u05dd \u05d5\u05d6\u05d5\u05e8\u05e7\u05d9\u05dd \u05d7\u05e4\u05e6\u05d9\u05dd, \u05db\u05e0\u05e8\u05d0\u05d4 \u05e9\u05d0\u05d9\u05d1\u05ea\u05dd \u05d0\u05ea \u05d4\u05e1\u05de\u05db\u05d5\u05ea \u05d4\u05d4\u05d5\u05e8\u05d9\u05ea \u05e9\u05dc\u05db\u05dd. \u05d4\u05d4\u05e7\u05d5\u05e8\u05e1 \u05d4\u05d6\u05d4 \u05ea\u05e2\u05d6\u05d5\u05e8 \u05dc\u05db\u05dd \u05dc\u05d4\u05d7\u05d6\u05d9\u05e8 \u05d0\u05ea \u05d4\u05e9\u05dc\u05d9\u05d8\u05d4 \u05dc\u05d9\u05d3\u05d9\u05d9\u05dd \u05d5\u05dc\u05d9\u05d4\u05e0\u05d5\u05ea \u05de\u05e9\u05e7\u05d8, \u05e9\u05dc\u05d5\u05dd \u05d5\u05e9\u05dc\u05dc\u05d5\u05d4 \u05d1\u05d1\u05d9\u05ea.\" \/>\n<meta name=\"robots\" content=\"index, follow, max-snippet:-1, max-image-preview:large, max-video-preview:-1\" \/>\n<link rel=\"canonical\" href=\"https:\/\/ingber.co.il\/en\/product\/pals-3-months\/\" \/>\n<meta property=\"og:locale\" content=\"en_US\" \/>\n<meta property=\"og:type\" content=\"article\" \/>\n<meta property=\"og:title\" content=\"\u05e7\u05d5\u05e8\u05e1 PALS - \u05d4\u05d5\u05e8\u05d5\u05ea, \u05de\u05e0\u05d4\u05d9\u05d2\u05d5\u05ea, \u05d7\u05d1\u05e8\u05d5\u05ea - \u05d2\u05d9\u05e9\u05d4 \u05dc\u05db\u05dc \u05d4\u05d7\u05d9\u05d9\u05dd - \u05de\u05e0\u05d7\u05dd \u05d0\u05d9\u05e0\u05d2\u05d1\u05e8\" \/>\n<meta property=\"og:description\" content=\"\u05d0\u05dd \u05d0\u05ea\u05dd \u05d4\u05d5\u05e8\u05d9\u05dd \u05dc\u05d9\u05dc\u05d3\u05d9\u05dd \u05e7\u05d8\u05e0\u05d9\u05dd \u05e9\u05de\u05ea\u05de\u05d5\u05d3\u05d3\u05d9\u05dd \u05e2\u05dd \u05ea\u05d5\u05e4\u05e2\u05d5\u05ea \u05e9\u05dc \u05d4\u05ea\u05e7\u05e4\u05d9 \u05d6\u05e2\u05dd \u05d0\u05e6\u05dc \u05d9\u05dc\u05d3\u05db\u05dd, \u05d0\u05dd \u05d4\u05d9\u05dc\u05d3\u05d9\u05dd \u05e9\u05dc\u05db\u05dd \u05db\u05dc \u05d4\u05d6\u05de\u05df \u05e8\u05d1\u05d9\u05dd \u05d1\u05d9\u05e0\u05d4\u05dd, \u05de\u05e7\u05dc\u05dc\u05d9\u05dd, \u05d9\u05d5\u05e8\u05e7\u05d9\u05dd, \u05de\u05e8\u05d1\u05d9\u05e6\u05d9\u05dd \u05d5\u05d6\u05d5\u05e8\u05e7\u05d9\u05dd \u05d7\u05e4\u05e6\u05d9\u05dd, \u05db\u05e0\u05e8\u05d0\u05d4 \u05e9\u05d0\u05d9\u05d1\u05ea\u05dd \u05d0\u05ea \u05d4\u05e1\u05de\u05db\u05d5\u05ea \u05d4\u05d4\u05d5\u05e8\u05d9\u05ea \u05e9\u05dc\u05db\u05dd. \u05d4\u05d4\u05e7\u05d5\u05e8\u05e1 \u05d4\u05d6\u05d4 \u05ea\u05e2\u05d6\u05d5\u05e8 \u05dc\u05db\u05dd \u05dc\u05d4\u05d7\u05d6\u05d9\u05e8 \u05d0\u05ea \u05d4\u05e9\u05dc\u05d9\u05d8\u05d4 \u05dc\u05d9\u05d3\u05d9\u05d9\u05dd \u05d5\u05dc\u05d9\u05d4\u05e0\u05d5\u05ea \u05de\u05e9\u05e7\u05d8, \u05e9\u05dc\u05d5\u05dd \u05d5\u05e9\u05dc\u05dc\u05d5\u05d4 \u05d1\u05d1\u05d9\u05ea.\" \/>\n<meta property=\"og:url\" content=\"https:\/\/ingber.co.il\/en\/product\/pals-3-months\/\" \/>\n<meta property=\"og:site_name\" content=\"\u05de\u05e0\u05d7\u05dd \u05d0\u05d9\u05e0\u05d2\u05d1\u05e8\" \/>\n<meta property=\"article:modified_time\" content=\"2024-07-01T15:40:24+00:00\" \/>\n<meta property=\"og:image\" content=\"https:\/\/ingber.co.il\/wp-content\/uploads\/2022\/06\/PALS-414-\u00d7-800-px-834-\u00d7-1194-px-1000-\u00d7-1000-px.png\" \/>\n\t<meta property=\"og:image:width\" content=\"1000\" \/>\n\t<meta property=\"og:image:height\" content=\"1000\" \/>\n\t<meta property=\"og:image:type\" content=\"image\/png\" \/>\n<meta name=\"twitter:card\" content=\"summary_large_image\" \/>\n<meta name=\"twitter:label1\" content=\"Est. reading time\" \/>\n\t<meta name=\"twitter:data1\" content=\"1 minute\" \/>\n<script type=\"application\/ld+json\" class=\"yoast-schema-graph\">{\"@context\":\"https:\/\/schema.org\",\"@graph\":[{\"@type\":\"WebPage\",\"@id\":\"https:\/\/ingber.co.il\/product\/pals-3-months\/\",\"url\":\"https:\/\/ingber.co.il\/product\/pals-3-months\/\",\"name\":\"\u05e7\u05d5\u05e8\u05e1 PALS - \u05d4\u05d5\u05e8\u05d5\u05ea, \u05de\u05e0\u05d4\u05d9\u05d2\u05d5\u05ea, \u05d7\u05d1\u05e8\u05d5\u05ea - \u05d2\u05d9\u05e9\u05d4 \u05dc\u05db\u05dc \u05d4\u05d7\u05d9\u05d9\u05dd - \u05de\u05e0\u05d7\u05dd \u05d0\u05d9\u05e0\u05d2\u05d1\u05e8\",\"isPartOf\":{\"@id\":\"https:\/\/ingber.co.il\/#website\"},\"primaryImageOfPage\":{\"@id\":\"https:\/\/ingber.co.il\/product\/pals-3-months\/#primaryimage\"},\"image\":{\"@id\":\"https:\/\/ingber.co.il\/product\/pals-3-months\/#primaryimage\"},\"thumbnailUrl\":\"https:\/\/ingber.co.il\/wp-content\/uploads\/2022\/06\/PALS-414-\u00d7-800-px-834-\u00d7-1194-px-1000-\u00d7-1000-px.png\",\"datePublished\":\"2022-06-14T16:07:37+00:00\",\"dateModified\":\"2024-07-01T15:40:24+00:00\",\"description\":\"\u05d0\u05dd \u05d0\u05ea\u05dd \u05d4\u05d5\u05e8\u05d9\u05dd \u05dc\u05d9\u05dc\u05d3\u05d9\u05dd \u05e7\u05d8\u05e0\u05d9\u05dd \u05e9\u05de\u05ea\u05de\u05d5\u05d3\u05d3\u05d9\u05dd \u05e2\u05dd \u05ea\u05d5\u05e4\u05e2\u05d5\u05ea \u05e9\u05dc \u05d4\u05ea\u05e7\u05e4\u05d9 \u05d6\u05e2\u05dd \u05d0\u05e6\u05dc \u05d9\u05dc\u05d3\u05db\u05dd, \u05d0\u05dd \u05d4\u05d9\u05dc\u05d3\u05d9\u05dd \u05e9\u05dc\u05db\u05dd \u05db\u05dc \u05d4\u05d6\u05de\u05df \u05e8\u05d1\u05d9\u05dd \u05d1\u05d9\u05e0\u05d4\u05dd, \u05de\u05e7\u05dc\u05dc\u05d9\u05dd, \u05d9\u05d5\u05e8\u05e7\u05d9\u05dd, \u05de\u05e8\u05d1\u05d9\u05e6\u05d9\u05dd \u05d5\u05d6\u05d5\u05e8\u05e7\u05d9\u05dd \u05d7\u05e4\u05e6\u05d9\u05dd, \u05db\u05e0\u05e8\u05d0\u05d4 \u05e9\u05d0\u05d9\u05d1\u05ea\u05dd \u05d0\u05ea \u05d4\u05e1\u05de\u05db\u05d5\u05ea \u05d4\u05d4\u05d5\u05e8\u05d9\u05ea \u05e9\u05dc\u05db\u05dd. \u05d4\u05d4\u05e7\u05d5\u05e8\u05e1 \u05d4\u05d6\u05d4 \u05ea\u05e2\u05d6\u05d5\u05e8 \u05dc\u05db\u05dd \u05dc\u05d4\u05d7\u05d6\u05d9\u05e8 \u05d0\u05ea \u05d4\u05e9\u05dc\u05d9\u05d8\u05d4 \u05dc\u05d9\u05d3\u05d9\u05d9\u05dd \u05d5\u05dc\u05d9\u05d4\u05e0\u05d5\u05ea \u05de\u05e9\u05e7\u05d8, \u05e9\u05dc\u05d5\u05dd \u05d5\u05e9\u05dc\u05dc\u05d5\u05d4 \u05d1\u05d1\u05d9\u05ea.\",\"breadcrumb\":{\"@id\":\"https:\/\/ingber.co.il\/product\/pals-3-months\/#breadcrumb\"},\"inLanguage\":\"en-US\",\"potentialAction\":[{\"@type\":\"ReadAction\",\"target\":[\"https:\/\/ingber.co.il\/product\/pals-3-months\/\"]}]},{\"@type\":\"ImageObject\",\"inLanguage\":\"en-US\",\"@id\":\"https:\/\/ingber.co.il\/product\/pals-3-months\/#primaryimage\",\"url\":\"https:\/\/ingber.co.il\/wp-content\/uploads\/2022\/06\/PALS-414-\u00d7-800-px-834-\u00d7-1194-px-1000-\u00d7-1000-px.png\",\"contentUrl\":\"https:\/\/ingber.co.il\/wp-content\/uploads\/2022\/06\/PALS-414-\u00d7-800-px-834-\u00d7-1194-px-1000-\u00d7-1000-px.png\",\"width\":1000,\"height\":1000},{\"@type\":\"BreadcrumbList\",\"@id\":\"https:\/\/ingber.co.il\/product\/pals-3-months\/#breadcrumb\",\"itemListElement\":[{\"@type\":\"ListItem\",\"position\":1,\"name\":\"\u05d1\u05d9\u05ea\",\"item\":\"https:\/\/ingber.co.il\/\"},{\"@type\":\"ListItem\",\"position\":2,\"name\":\"\u05d7\u05e0\u05d5\u05ea\",\"item\":\"https:\/\/ingber.co.il\/shop\/\"},{\"@type\":\"ListItem\",\"position\":3,\"name\":\"\u05e7\u05d5\u05e8\u05e1 PALS &#8211; \u05d4\u05d5\u05e8\u05d5\u05ea, \u05de\u05e0\u05d4\u05d9\u05d2\u05d5\u05ea, \u05d7\u05d1\u05e8\u05d5\u05ea &#8211; \u05d2\u05d9\u05e9\u05d4 \u05dc\u05db\u05dc \u05d4\u05d7\u05d9\u05d9\u05dd\"}]},{\"@type\":\"WebSite\",\"@id\":\"https:\/\/ingber.co.il\/#website\",\"url\":\"https:\/\/ingber.co.il\/\",\"name\":\"\u05de\u05e0\u05d7\u05dd \u05d0\u05d9\u05e0\u05d2\u05d1\u05e8\",\"description\":\"\u05d4\u05e8\u05d1 \u05de\u05e0\u05d7\u05dd \u05d0\u05d9\u05e0\u05d2\u05d1\u05e8\",\"publisher\":{\"@id\":\"https:\/\/ingber.co.il\/#organization\"},\"potentialAction\":[{\"@type\":\"SearchAction\",\"target\":{\"@type\":\"EntryPoint\",\"urlTemplate\":\"https:\/\/ingber.co.il\/?s={search_term_string}\"},\"query-input\":{\"@type\":\"PropertyValueSpecification\",\"valueRequired\":true,\"valueName\":\"search_term_string\"}}],\"inLanguage\":\"en-US\"},{\"@type\":\"Organization\",\"@id\":\"https:\/\/ingber.co.il\/#organization\",\"name\":\"\u05de\u05e0\u05d7\u05dd \u05d0\u05d9\u05e0\u05d2\u05d1\u05e8\",\"url\":\"https:\/\/ingber.co.il\/\",\"logo\":{\"@type\":\"ImageObject\",\"inLanguage\":\"en-US\",\"@id\":\"https:\/\/ingber.co.il\/#\/schema\/logo\/image\/\",\"url\":\"https:\/\/ingber.co.il\/wp-content\/uploads\/2020\/06\/\u05dc\u05d5\u05d2\u05d5-\u05de\u05e0\u05d7\u05dd-09.png\",\"contentUrl\":\"https:\/\/ingber.co.il\/wp-content\/uploads\/2020\/06\/\u05dc\u05d5\u05d2\u05d5-\u05de\u05e0\u05d7\u05dd-09.png\",\"width\":504,\"height\":111,\"caption\":\"\u05de\u05e0\u05d7\u05dd \u05d0\u05d9\u05e0\u05d2\u05d1\u05e8\"},\"image\":{\"@id\":\"https:\/\/ingber.co.il\/#\/schema\/logo\/image\/\"}}]}<\/script>\n<!-- \/ Yoast SEO plugin. -->","yoast_head_json":{"title":"\u05e7\u05d5\u05e8\u05e1 PALS - \u05d4\u05d5\u05e8\u05d5\u05ea, \u05de\u05e0\u05d4\u05d9\u05d2\u05d5\u05ea, \u05d7\u05d1\u05e8\u05d5\u05ea - \u05d2\u05d9\u05e9\u05d4 \u05dc\u05db\u05dc \u05d4\u05d7\u05d9\u05d9\u05dd - \u05de\u05e0\u05d7\u05dd \u05d0\u05d9\u05e0\u05d2\u05d1\u05e8","description":"\u05d0\u05dd \u05d0\u05ea\u05dd \u05d4\u05d5\u05e8\u05d9\u05dd \u05dc\u05d9\u05dc\u05d3\u05d9\u05dd \u05e7\u05d8\u05e0\u05d9\u05dd \u05e9\u05de\u05ea\u05de\u05d5\u05d3\u05d3\u05d9\u05dd \u05e2\u05dd \u05ea\u05d5\u05e4\u05e2\u05d5\u05ea \u05e9\u05dc \u05d4\u05ea\u05e7\u05e4\u05d9 \u05d6\u05e2\u05dd \u05d0\u05e6\u05dc \u05d9\u05dc\u05d3\u05db\u05dd, \u05d0\u05dd \u05d4\u05d9\u05dc\u05d3\u05d9\u05dd \u05e9\u05dc\u05db\u05dd \u05db\u05dc \u05d4\u05d6\u05de\u05df \u05e8\u05d1\u05d9\u05dd \u05d1\u05d9\u05e0\u05d4\u05dd, \u05de\u05e7\u05dc\u05dc\u05d9\u05dd, \u05d9\u05d5\u05e8\u05e7\u05d9\u05dd, \u05de\u05e8\u05d1\u05d9\u05e6\u05d9\u05dd \u05d5\u05d6\u05d5\u05e8\u05e7\u05d9\u05dd \u05d7\u05e4\u05e6\u05d9\u05dd, \u05db\u05e0\u05e8\u05d0\u05d4 \u05e9\u05d0\u05d9\u05d1\u05ea\u05dd \u05d0\u05ea \u05d4\u05e1\u05de\u05db\u05d5\u05ea \u05d4\u05d4\u05d5\u05e8\u05d9\u05ea \u05e9\u05dc\u05db\u05dd. \u05d4\u05d4\u05e7\u05d5\u05e8\u05e1 \u05d4\u05d6\u05d4 \u05ea\u05e2\u05d6\u05d5\u05e8 \u05dc\u05db\u05dd \u05dc\u05d4\u05d7\u05d6\u05d9\u05e8 \u05d0\u05ea \u05d4\u05e9\u05dc\u05d9\u05d8\u05d4 \u05dc\u05d9\u05d3\u05d9\u05d9\u05dd \u05d5\u05dc\u05d9\u05d4\u05e0\u05d5\u05ea \u05de\u05e9\u05e7\u05d8, \u05e9\u05dc\u05d5\u05dd \u05d5\u05e9\u05dc\u05dc\u05d5\u05d4 \u05d1\u05d1\u05d9\u05ea.","robots":{"index":"index","follow":"follow","max-snippet":"max-snippet:-1","max-image-preview":"max-image-preview:large","max-video-preview":"max-video-preview:-1"},"canonical":"https:\/\/ingber.co.il\/en\/product\/pals-3-months\/","og_locale":"en_US","og_type":"article","og_title":"\u05e7\u05d5\u05e8\u05e1 PALS - \u05d4\u05d5\u05e8\u05d5\u05ea, \u05de\u05e0\u05d4\u05d9\u05d2\u05d5\u05ea, \u05d7\u05d1\u05e8\u05d5\u05ea - \u05d2\u05d9\u05e9\u05d4 \u05dc\u05db\u05dc \u05d4\u05d7\u05d9\u05d9\u05dd - \u05de\u05e0\u05d7\u05dd \u05d0\u05d9\u05e0\u05d2\u05d1\u05e8","og_description":"\u05d0\u05dd \u05d0\u05ea\u05dd \u05d4\u05d5\u05e8\u05d9\u05dd \u05dc\u05d9\u05dc\u05d3\u05d9\u05dd \u05e7\u05d8\u05e0\u05d9\u05dd \u05e9\u05de\u05ea\u05de\u05d5\u05d3\u05d3\u05d9\u05dd \u05e2\u05dd \u05ea\u05d5\u05e4\u05e2\u05d5\u05ea \u05e9\u05dc \u05d4\u05ea\u05e7\u05e4\u05d9 \u05d6\u05e2\u05dd \u05d0\u05e6\u05dc \u05d9\u05dc\u05d3\u05db\u05dd, \u05d0\u05dd \u05d4\u05d9\u05dc\u05d3\u05d9\u05dd \u05e9\u05dc\u05db\u05dd \u05db\u05dc \u05d4\u05d6\u05de\u05df \u05e8\u05d1\u05d9\u05dd \u05d1\u05d9\u05e0\u05d4\u05dd, \u05de\u05e7\u05dc\u05dc\u05d9\u05dd, \u05d9\u05d5\u05e8\u05e7\u05d9\u05dd, \u05de\u05e8\u05d1\u05d9\u05e6\u05d9\u05dd \u05d5\u05d6\u05d5\u05e8\u05e7\u05d9\u05dd \u05d7\u05e4\u05e6\u05d9\u05dd, \u05db\u05e0\u05e8\u05d0\u05d4 \u05e9\u05d0\u05d9\u05d1\u05ea\u05dd \u05d0\u05ea \u05d4\u05e1\u05de\u05db\u05d5\u05ea \u05d4\u05d4\u05d5\u05e8\u05d9\u05ea \u05e9\u05dc\u05db\u05dd. \u05d4\u05d4\u05e7\u05d5\u05e8\u05e1 \u05d4\u05d6\u05d4 \u05ea\u05e2\u05d6\u05d5\u05e8 \u05dc\u05db\u05dd \u05dc\u05d4\u05d7\u05d6\u05d9\u05e8 \u05d0\u05ea \u05d4\u05e9\u05dc\u05d9\u05d8\u05d4 \u05dc\u05d9\u05d3\u05d9\u05d9\u05dd \u05d5\u05dc\u05d9\u05d4\u05e0\u05d5\u05ea \u05de\u05e9\u05e7\u05d8, \u05e9\u05dc\u05d5\u05dd \u05d5\u05e9\u05dc\u05dc\u05d5\u05d4 \u05d1\u05d1\u05d9\u05ea.","og_url":"https:\/\/ingber.co.il\/en\/product\/pals-3-months\/","og_site_name":"\u05de\u05e0\u05d7\u05dd \u05d0\u05d9\u05e0\u05d2\u05d1\u05e8","article_modified_time":"2024-07-01T15:40:24+00:00","og_image":[{"width":1000,"height":1000,"url":"https:\/\/ingber.co.il\/wp-content\/uploads\/2022\/06\/PALS-414-\u00d7-800-px-834-\u00d7-1194-px-1000-\u00d7-1000-px.png","type":"image\/png"}],"twitter_card":"summary_large_image","twitter_misc":{"Est. reading time":"1 minute"},"schema":{"@context":"https:\/\/schema.org","@graph":[{"@type":"WebPage","@id":"https:\/\/ingber.co.il\/product\/pals-3-months\/","url":"https:\/\/ingber.co.il\/product\/pals-3-months\/","name":"\u05e7\u05d5\u05e8\u05e1 PALS - \u05d4\u05d5\u05e8\u05d5\u05ea, \u05de\u05e0\u05d4\u05d9\u05d2\u05d5\u05ea, \u05d7\u05d1\u05e8\u05d5\u05ea - \u05d2\u05d9\u05e9\u05d4 \u05dc\u05db\u05dc \u05d4\u05d7\u05d9\u05d9\u05dd - \u05de\u05e0\u05d7\u05dd \u05d0\u05d9\u05e0\u05d2\u05d1\u05e8","isPartOf":{"@id":"https:\/\/ingber.co.il\/#website"},"primaryImageOfPage":{"@id":"https:\/\/ingber.co.il\/product\/pals-3-months\/#primaryimage"},"image":{"@id":"https:\/\/ingber.co.il\/product\/pals-3-months\/#primaryimage"},"thumbnailUrl":"https:\/\/ingber.co.il\/wp-content\/uploads\/2022\/06\/PALS-414-\u00d7-800-px-834-\u00d7-1194-px-1000-\u00d7-1000-px.png","datePublished":"2022-06-14T16:07:37+00:00","dateModified":"2024-07-01T15:40:24+00:00","description":"\u05d0\u05dd \u05d0\u05ea\u05dd \u05d4\u05d5\u05e8\u05d9\u05dd \u05dc\u05d9\u05dc\u05d3\u05d9\u05dd \u05e7\u05d8\u05e0\u05d9\u05dd \u05e9\u05de\u05ea\u05de\u05d5\u05d3\u05d3\u05d9\u05dd \u05e2\u05dd \u05ea\u05d5\u05e4\u05e2\u05d5\u05ea \u05e9\u05dc \u05d4\u05ea\u05e7\u05e4\u05d9 \u05d6\u05e2\u05dd \u05d0\u05e6\u05dc \u05d9\u05dc\u05d3\u05db\u05dd, \u05d0\u05dd \u05d4\u05d9\u05dc\u05d3\u05d9\u05dd \u05e9\u05dc\u05db\u05dd \u05db\u05dc \u05d4\u05d6\u05de\u05df \u05e8\u05d1\u05d9\u05dd \u05d1\u05d9\u05e0\u05d4\u05dd, \u05de\u05e7\u05dc\u05dc\u05d9\u05dd, \u05d9\u05d5\u05e8\u05e7\u05d9\u05dd, \u05de\u05e8\u05d1\u05d9\u05e6\u05d9\u05dd \u05d5\u05d6\u05d5\u05e8\u05e7\u05d9\u05dd \u05d7\u05e4\u05e6\u05d9\u05dd, \u05db\u05e0\u05e8\u05d0\u05d4 \u05e9\u05d0\u05d9\u05d1\u05ea\u05dd \u05d0\u05ea \u05d4\u05e1\u05de\u05db\u05d5\u05ea \u05d4\u05d4\u05d5\u05e8\u05d9\u05ea \u05e9\u05dc\u05db\u05dd. \u05d4\u05d4\u05e7\u05d5\u05e8\u05e1 \u05d4\u05d6\u05d4 \u05ea\u05e2\u05d6\u05d5\u05e8 \u05dc\u05db\u05dd \u05dc\u05d4\u05d7\u05d6\u05d9\u05e8 \u05d0\u05ea \u05d4\u05e9\u05dc\u05d9\u05d8\u05d4 \u05dc\u05d9\u05d3\u05d9\u05d9\u05dd \u05d5\u05dc\u05d9\u05d4\u05e0\u05d5\u05ea \u05de\u05e9\u05e7\u05d8, \u05e9\u05dc\u05d5\u05dd \u05d5\u05e9\u05dc\u05dc\u05d5\u05d4 \u05d1\u05d1\u05d9\u05ea.","breadcrumb":{"@id":"https:\/\/ingber.co.il\/product\/pals-3-months\/#breadcrumb"},"inLanguage":"en-US","potentialAction":[{"@type":"ReadAction","target":["https:\/\/ingber.co.il\/product\/pals-3-months\/"]}]},{"@type":"ImageObject","inLanguage":"en-US","@id":"https:\/\/ingber.co.il\/product\/pals-3-months\/#primaryimage","url":"https:\/\/ingber.co.il\/wp-content\/uploads\/2022\/06\/PALS-414-\u00d7-800-px-834-\u00d7-1194-px-1000-\u00d7-1000-px.png","contentUrl":"https:\/\/ingber.co.il\/wp-content\/uploads\/2022\/06\/PALS-414-\u00d7-800-px-834-\u00d7-1194-px-1000-\u00d7-1000-px.png","width":1000,"height":1000},{"@type":"BreadcrumbList","@id":"https:\/\/ingber.co.il\/product\/pals-3-months\/#breadcrumb","itemListElement":[{"@type":"ListItem","position":1,"name":"\u05d1\u05d9\u05ea","item":"https:\/\/ingber.co.il\/"},{"@type":"ListItem","position":2,"name":"\u05d7\u05e0\u05d5\u05ea","item":"https:\/\/ingber.co.il\/shop\/"},{"@type":"ListItem","position":3,"name":"\u05e7\u05d5\u05e8\u05e1 PALS &#8211; \u05d4\u05d5\u05e8\u05d5\u05ea, \u05de\u05e0\u05d4\u05d9\u05d2\u05d5\u05ea, \u05d7\u05d1\u05e8\u05d5\u05ea &#8211; \u05d2\u05d9\u05e9\u05d4 \u05dc\u05db\u05dc \u05d4\u05d7\u05d9\u05d9\u05dd"}]},{"@type":"WebSite","@id":"https:\/\/ingber.co.il\/#website","url":"https:\/\/ingber.co.il\/","name":"\u05de\u05e0\u05d7\u05dd \u05d0\u05d9\u05e0\u05d2\u05d1\u05e8","description":"\u05d4\u05e8\u05d1 \u05de\u05e0\u05d7\u05dd \u05d0\u05d9\u05e0\u05d2\u05d1\u05e8","publisher":{"@id":"https:\/\/ingber.co.il\/#organization"},"potentialAction":[{"@type":"SearchAction","target":{"@type":"EntryPoint","urlTemplate":"https:\/\/ingber.co.il\/?s={search_term_string}"},"query-input":{"@type":"PropertyValueSpecification","valueRequired":true,"valueName":"search_term_string"}}],"inLanguage":"en-US"},{"@type":"Organization","@id":"https:\/\/ingber.co.il\/#organization","name":"\u05de\u05e0\u05d7\u05dd \u05d0\u05d9\u05e0\u05d2\u05d1\u05e8","url":"https:\/\/ingber.co.il\/","logo":{"@type":"ImageObject","inLanguage":"en-US","@id":"https:\/\/ingber.co.il\/#\/schema\/logo\/image\/","url":"https:\/\/ingber.co.il\/wp-content\/uploads\/2020\/06\/\u05dc\u05d5\u05d2\u05d5-\u05de\u05e0\u05d7\u05dd-09.png","contentUrl":"https:\/\/ingber.co.il\/wp-content\/uploads\/2020\/06\/\u05dc\u05d5\u05d2\u05d5-\u05de\u05e0\u05d7\u05dd-09.png","width":504,"height":111,"caption":"\u05de\u05e0\u05d7\u05dd \u05d0\u05d9\u05e0\u05d2\u05d1\u05e8"},"image":{"@id":"https:\/\/ingber.co.il\/#\/schema\/logo\/image\/"}}]}},"_links":{"self":[{"href":"https:\/\/ingber.co.il\/en\/wp-json\/wp\/v2\/product\/1974","targetHints":{"allow":["GET"]}}],"collection":[{"href":"https:\/\/ingber.co.il\/en\/wp-json\/wp\/v2\/product"}],"about":[{"href":"https:\/\/ingber.co.il\/en\/wp-json\/wp\/v2\/types\/product"}],"replies":[{"embeddable":true,"href":"https:\/\/ingber.co.il\/en\/wp-json\/wp\/v2\/comments?post=1974"}],"wp:featuredmedia":[{"embeddable":true,"href":"https:\/\/ingber.co.il\/en\/wp-json\/wp\/v2\/media\/3601"}],"wp:attachment":[{"href":"https:\/\/ingber.co.il\/en\/wp-json\/wp\/v2\/media?parent=1974"}],"wp:term":[{"taxonomy":"product_brand","embeddable":true,"href":"https:\/\/ingber.co.il\/en\/wp-json\/wp\/v2\/product_brand?post=1974"},{"taxonomy":"product_cat","embeddable":true,"href":"https:\/\/ingber.co.il\/en\/wp-json\/wp\/v2\/product_cat?post=1974"},{"taxonomy":"product_tag","embeddable":true,"href":"https:\/\/ingber.co.il\/en\/wp-json\/wp\/v2\/product_tag?post=1974"}],"curies":[{"name":"wp","href":"https:\/\/api.w.org\/{rel}","templated":true}]}}